{"id":699,"date":"2025-12-17T00:01:04","date_gmt":"2025-12-16T21:01:04","guid":{"rendered":"https:\/\/alstud.grshealthtourism.com\/?page_id=699"},"modified":"2026-03-07T14:58:25","modified_gmt":"2026-03-07T11:58:25","slug":"faaliyet-raporlari","status":"publish","type":"page","link":"https:\/\/alstud.grshealthtourism.com\/en\/faaliyet-raporlari\/","title":{"rendered":"Activity Reports"},"content":{"rendered":"<div data-elementor-type=\"wp-page\" data-elementor-id=\"699\" class=\"elementor elementor-699\">\n\t\t\t\t<div class=\"elementor-element elementor-element-ddf094b e-flex e-con-boxed e-con e-parent\" data-id=\"ddf094b\" data-element_type=\"container\" data-settings=\"{&quot;jet_parallax_layout_list&quot;:[]}\">\n\t\t\t\t\t<div class=\"e-con-inner\">\n\t\t\t\t<div class=\"elementor-element elementor-element-7b9e2e6 elementor-widget elementor-widget-html\" data-id=\"7b9e2e6\" data-element_type=\"widget\" data-widget_type=\"html.default\">\n\t\t\t\t\t<div class=\"alstud-corporate-page\">\r\n    <div class=\"alstud-accordion-container\">\r\n        \r\n        <header class=\"alstud-accordion-header\">\r\n            <span class=\"alstud-badge\">DEVELOPMENT &amp; STATISTICS<\/span>\r\n            <h1 class=\"alstud-main-title\">Activity Reports<\/h1>\r\n            <div class=\"alstud-accent-line\"><\/div>\r\n            <p class=\"alstud-lead-text\">\r\n                You can review detailed documents regarding the summits we have held since our establishment, sectoral reports, and international collaborations below.\r\n            <\/p>\r\n        <\/header>\r\n\r\n        <div class=\"alstud-accordion-wrapper\">\r\n            <div class=\"alstud-acc-item\">\r\n                <button class=\"alstud-acc-header\">\r\n                    <span>Alanya Health Tourism Summit Report<\/span>\r\n                    <div class=\"icon-box\">\r\n                        <svg width=\"20\" height=\"20\" viewbox=\"0 0 24 24\" fill=\"none\" stroke=\"currentColor\" stroke-width=\"2\" stroke-linecap=\"round\" stroke-linejoin=\"round\" class=\"plus-icon\"><line x1=\"12\" y1=\"5\" x2=\"12\" y2=\"19\"><\/line><line x1=\"5\" y1=\"12\" x2=\"19\" y2=\"12\"><\/line><\/svg>\r\n                    <\/div>\r\n                <\/button>\r\n                <div class=\"alstud-acc-content\">\r\n                    <div class=\"alstud-acc-inner\">\r\n                        <p>The Antalya Public Hospitals Union (AKHB) General Secretariat, in collaboration with the Alanya Health Tourism Association (ALSTUD) and the Western Mediterranean Development Agency (BAKA), held the 1st Alanya Health Tourism Summit on Saturday, March 19, 2016, with the aim of accelerating efforts to establish a consortium encompassing all health and tourism sectors in Antalya, increasing tourism diversity in the region, and seeking solutions to existing problems. This report is based on the aforementioned summit report. <a href=\"#\" target=\"_blank\">from this link<\/a> You can reach us.<\/p>\r\n                    <\/div>\r\n                <\/div>\r\n            <\/div>\r\n\r\n            <div class=\"alstud-acc-item\">\r\n                <button class=\"alstud-acc-header\">\r\n                    <span>Health Tourism Professionals Report<\/span>\r\n                    <div class=\"icon-box\">\r\n                        <svg width=\"20\" height=\"20\" viewbox=\"0 0 24 24\" fill=\"none\" stroke=\"currentColor\" stroke-width=\"2\" stroke-linecap=\"round\" stroke-linejoin=\"round\" class=\"plus-icon\"><line x1=\"12\" y1=\"5\" x2=\"12\" y2=\"19\"><\/line><line x1=\"5\" y1=\"12\" x2=\"19\" y2=\"12\"><\/line><\/svg>\r\n                    <\/div>\r\n                <\/button>\r\n                <div class=\"alstud-acc-content\">\r\n                    <div class=\"alstud-acc-inner\">\r\n                        <p>The concept of health tourism, a new trend in the developing global economy, has recently become a frequently discussed topic. This report, prepared on the revolutionary positive changes made in the healthcare sector in our country over the last 10 years, the demands from neighboring countries, and the dynamics of the sector, is available in its entirety. <a href=\"#\" target=\"_blank\">from this link<\/a> You can reach us.<\/p>\r\n                    <\/div>\r\n                <\/div>\r\n            <\/div>\r\n\r\n            <div class=\"alstud-acc-item\">\r\n                <button class=\"alstud-acc-header\">\r\n                    <span>Uzbek-Turk Fair Report<\/span>\r\n                    <div class=\"icon-box\">\r\n                        <svg width=\"20\" height=\"20\" viewbox=\"0 0 24 24\" fill=\"none\" stroke=\"currentColor\" stroke-width=\"2\" stroke-linecap=\"round\" stroke-linejoin=\"round\" class=\"plus-icon\"><line x1=\"12\" y1=\"5\" x2=\"12\" y2=\"19\"><\/line><line x1=\"5\" y1=\"12\" x2=\"19\" y2=\"12\"><\/line><\/svg>\r\n                    <\/div>\r\n                <\/button>\r\n                <div class=\"alstud-acc-content\">\r\n                    <div class=\"alstud-acc-inner\">\r\n                        <p>The Uzbek-Turkish Healthcare Business Forum and Fair, which brings together healthcare business communities from both countries, provides a significant opportunity to establish new business connections and further advance cooperation opportunities through the achievements obtained. [Full report follows] <a href=\"#\" target=\"_blank\">from this link<\/a> You can reach us.<\/p>\r\n                    <\/div>\r\n                <\/div>\r\n            <\/div>\r\n\r\n            <div class=\"alstud-acc-item\">\r\n                <button class=\"alstud-acc-header\">\r\n                    <span>ALSTUD Establishment Report<\/span>\r\n                    <div class=\"icon-box\">\r\n                        <svg width=\"20\" height=\"20\" viewbox=\"0 0 24 24\" fill=\"none\" stroke=\"currentColor\" stroke-width=\"2\" stroke-linecap=\"round\" stroke-linejoin=\"round\" class=\"plus-icon\"><line x1=\"12\" y1=\"5\" x2=\"12\" y2=\"19\"><\/line><line x1=\"5\" y1=\"12\" x2=\"19\" y2=\"12\"><\/line><\/svg>\r\n                    <\/div>\r\n                <\/button>\r\n                <div class=\"alstud-acc-content\">\r\n                    <div class=\"alstud-acc-inner\">\r\n                        <p>This is an activity report outlining the fundamental founding purposes and strategic goals of our association.<\/p>\r\n                    <\/div>\r\n                <\/div>\r\n            <\/div>\r\n\r\n            <div class=\"alstud-acc-item\">\r\n                <button class=\"alstud-acc-header\">\r\n                    <span>SATUMER Proposal Report<\/span>\r\n                    <div class=\"icon-box\">\r\n                        <svg width=\"20\" height=\"20\" viewbox=\"0 0 24 24\" fill=\"none\" stroke=\"currentColor\" stroke-width=\"2\" stroke-linecap=\"round\" stroke-linejoin=\"round\" class=\"plus-icon\"><line x1=\"12\" y1=\"5\" x2=\"12\" y2=\"19\"><\/line><line x1=\"5\" y1=\"12\" x2=\"19\" y2=\"12\"><\/line><\/svg>\r\n                    <\/div>\r\n                <\/button>\r\n                <div class=\"alstud-acc-content\">\r\n                    <div class=\"alstud-acc-inner\">\r\n                        <p>Proposal and analysis report prepared within the scope of the SATUMER project.<\/p>\r\n                    <\/div>\r\n                <\/div>\r\n            <\/div>\r\n\r\n            <div class=\"alstud-acc-item\">\r\n                <button class=\"alstud-acc-header\">\r\n                    <span>HESTOUREX Results Report<\/span>\r\n                    <div class=\"icon-box\">\r\n                        <svg width=\"20\" height=\"20\" viewbox=\"0 0 24 24\" fill=\"none\" stroke=\"currentColor\" stroke-width=\"2\" stroke-linecap=\"round\" stroke-linejoin=\"round\" class=\"plus-icon\"><line x1=\"12\" y1=\"5\" x2=\"12\" y2=\"19\"><\/line><line x1=\"5\" y1=\"12\" x2=\"19\" y2=\"12\"><\/line><\/svg>\r\n                    <\/div>\r\n                <\/button>\r\n                <div class=\"alstud-acc-content\">\r\n                    <div class=\"alstud-acc-inner\">\r\n                        <p>Industry data and results analysis obtained after the Hestourex trade fair.<\/p>\r\n                    <\/div>\r\n                <\/div>\r\n            <\/div>\r\n        <\/div>\r\n    <\/div>\r\n<\/div>\r\n\r\n<style>\r\n    @import url('https:\/\/fonts.googleapis.com\/css2?family=Poppins:wght@300;400;500;600;700;800&display=swap');\r\n\r\n    :root {\r\n        --alstud-primary: #0f172a; \r\n        --alstud-accent: #0ea5e9; \r\n        --alstud-text: #475569;\r\n        --alstud-light: #f8fafc;\r\n        --alstud-border: #e2e8f0;\r\n    }\r\n\r\n    .alstud-corporate-page * {\r\n        box-sizing: border-box;\r\n    }\r\n\r\n    .alstud-accordion-container {\r\n        max-width: 900px;\r\n        margin: 80px auto;\r\n        padding: 0 5%;\r\n        font-family: 'Poppins', sans-serif;\r\n    }\r\n\r\n    \/* Ba\u015fl\u0131k K\u0131sm\u0131 *\/\r\n    .alstud-accordion-header {\r\n        text-align: center;\r\n        margin-bottom: 60px;\r\n    }\r\n\r\n    .alstud-badge {\r\n        display: inline-block;\r\n        padding: 6px 16px;\r\n        background: rgba(14, 165, 233, 0.1);\r\n        color: var(--alstud-accent);\r\n        font-size: 12px;\r\n        font-weight: 700;\r\n        letter-spacing: 2px;\r\n        border-radius: 50px;\r\n        margin-bottom: 15px;\r\n        text-transform: uppercase;\r\n    }\r\n\r\n    .alstud-main-title {\r\n        font-size: clamp(32px, 5vw, 42px);\r\n        font-weight: 800;\r\n        color: var(--alstud-primary);\r\n        letter-spacing: -0.5px;\r\n        margin: 0 0 25px 0;\r\n    }\r\n\r\n    .alstud-accent-line {\r\n        width: 60px;\r\n        height: 4px;\r\n        background: var(--alstud-accent);\r\n        margin: 0 auto 25px;\r\n        border-radius: 2px;\r\n    }\r\n\r\n    .alstud-lead-text {\r\n        font-size: 16px;\r\n        color: var(--alstud-text);\r\n        line-height: 1.7;\r\n        max-width: 700px;\r\n        margin: 0 auto;\r\n    }\r\n\r\n    \/* Akordiyon Listesi *\/\r\n    .alstud-accordion-wrapper {\r\n        display: flex;\r\n        flex-direction: column;\r\n        gap: 15px;\r\n    }\r\n\r\n    .alstud-acc-item {\r\n        background: #ffffff;\r\n        border: 1px solid var(--alstud-border);\r\n        border-radius: 12px;\r\n        overflow: hidden;\r\n        transition: all 0.3s ease;\r\n    }\r\n\r\n    .alstud-acc-item:hover {\r\n        border-color: #cbd5e1;\r\n        box-shadow: 0 4px 15px rgba(15, 23, 42, 0.03);\r\n    }\r\n\r\n    .alstud-acc-item.active {\r\n        border-color: var(--alstud-accent);\r\n        box-shadow: 0 10px 30px rgba(14, 165, 233, 0.08);\r\n    }\r\n\r\n    \/* Akordiyon Butonu *\/\r\n    .alstud-acc-header {\r\n        width: 100%;\r\n        padding: 22px 25px;\r\n        background: none;\r\n        border: none;\r\n        display: flex;\r\n        justify-content: space-between;\r\n        align-items: center;\r\n        cursor: pointer;\r\n        outline: none;\r\n        transition: 0.3s;\r\n    }\r\n\r\n    .alstud-acc-header span {\r\n        font-size: 16px;\r\n        font-weight: 600;\r\n        color: var(--alstud-primary);\r\n        text-align: left;\r\n        transition: color 0.3s;\r\n    }\r\n\r\n    .alstud-acc-header:hover span {\r\n        color: var(--alstud-accent);\r\n    }\r\n\r\n    .active .alstud-acc-header span {\r\n        color: var(--alstud-accent);\r\n    }\r\n\r\n    \/* \u0130kon Kutusu *\/\r\n    .icon-box {\r\n        width: 32px;\r\n        height: 32px;\r\n        border-radius: 8px;\r\n        background: var(--alstud-light);\r\n        display: flex;\r\n        align-items: center;\r\n        justify-content: center;\r\n        color: var(--alstud-text);\r\n        transition: all 0.3s ease;\r\n        flex-shrink: 0;\r\n    }\r\n\r\n    .plus-icon {\r\n        transition: transform 0.4s cubic-bezier(0.25, 0.46, 0.45, 0.94);\r\n    }\r\n\r\n    \/* T\u0131klan\u0131nca \u0130kon D\u00f6n\u00fc\u015f\u00fcm\u00fc *\/\r\n    .active .icon-box {\r\n        background: var(--alstud-accent);\r\n        color: #ffffff;\r\n    }\r\n\r\n    .active .plus-icon {\r\n        transform: rotate(135deg); \/* + i\u015faretini x yapar *\/\r\n    }\r\n\r\n    \/* Akordiyon \u0130\u00e7eri\u011fi *\/\r\n    .alstud-acc-content {\r\n        max-height: 0;\r\n        overflow: hidden;\r\n        transition: max-height 0.4s cubic-bezier(0.25, 0.46, 0.45, 0.94);\r\n        background-color: #ffffff;\r\n    }\r\n\r\n    .alstud-acc-inner {\r\n        padding: 0 25px 25px 25px;\r\n        border-top: 1px dashed transparent; \/* A\u00e7\u0131l\u0131nca s\u0131n\u0131r belli etmek i\u00e7in *\/\r\n        transition: border-color 0.3s;\r\n    }\r\n\r\n    .active .alstud-acc-inner {\r\n        border-top-color: var(--alstud-border);\r\n        margin-top: 10px;\r\n        padding-top: 20px;\r\n    }\r\n\r\n    .alstud-acc-inner p {\r\n        font-size: 15px;\r\n        line-height: 1.7;\r\n        color: var(--alstud-text);\r\n        margin: 0;\r\n        text-align: justify;\r\n    }\r\n\r\n    .alstud-acc-inner a {\r\n        color: var(--alstud-accent);\r\n        font-weight: 600;\r\n        text-decoration: none;\r\n        border-bottom: 1px solid transparent;\r\n        transition: all 0.3s ease;\r\n    }\r\n\r\n    .alstud-acc-inner a:hover {\r\n        border-bottom-color: var(--alstud-accent);\r\n        color: var(--alstud-primary);\r\n    }\r\n\r\n    @media (max-width: 768px) {\r\n        .alstud-acc-header { padding: 20px; }\r\n        .alstud-acc-header span { font-size: 15px; padding-right: 15px; }\r\n        .alstud-acc-inner { padding: 0 20px 20px 20px; }\r\n        .alstud-accordion-header { margin-bottom: 40px; }\r\n    }\r\n<\/style>\r\n\r\n<script>\r\n    document.querySelectorAll('.alstud-acc-header').forEach(button => {\r\n        button.addEventListener('click', () => {\r\n            const currentItem = button.parentElement;\r\n            const accordionContent = currentItem.querySelector('.alstud-acc-content');\r\n            \r\n            \/\/ E\u011fer ayn\u0131 anda sadece 1 tanesi a\u00e7\u0131k kals\u0131n istiyorsan bu blo\u011fu a\u00e7abilirsin:\r\n            \/*\r\n            document.querySelectorAll('.alstud-acc-item').forEach(item => {\r\n                if (item !== currentItem) {\r\n                    item.classList.remove('active');\r\n                    item.querySelector('.alstud-acc-content').style.maxHeight = null;\r\n                }\r\n            });\r\n            *\/\r\n\r\n            currentItem.classList.toggle('active');\r\n\r\n            if (currentItem.classList.contains('active')) {\r\n                \/\/ ScrollHeight kadar a\u00e7\r\n                accordionContent.style.maxHeight = accordionContent.scrollHeight + \"px\";\r\n            } else {\r\n                \/\/ Kapat\r\n                accordionContent.style.maxHeight = null;\r\n            }\r\n        });\r\n    });\r\n<\/script>\t\t\t\t<\/div>\n\t\t\t\t\t<\/div>\n\t\t\t\t<\/div>\n\t\t\t\t<\/div>","protected":false},"excerpt":{"rendered":"<p>DEVELOPMENT &amp; STATISTICS Activity Reports You can review detailed documents regarding the summits, sectoral reports, and international collaborations we have held since our establishment below. Alanya Health Tourism Summit Report In collaboration with the Antalya Public Hospitals Union (AKHB) General Secretariat, the Alanya Health Tourism Association (ALSTUD), and the Western Mediterranean Development Agency (BAKA), a health tourism summit covering all sectors of the health and tourism sectors in Antalya was held to showcase the region&#039;s tourism diversity [\u2026]<\/p>","protected":false},"author":1,"featured_media":0,"parent":0,"menu_order":0,"comment_status":"closed","ping_status":"closed","template":"elementor_header_footer","meta":{"_acf_changed":false,"footnotes":""},"class_list":["post-699","page","type-page","status-publish","hentry"],"acf":[],"yoast_head":"<!-- This site is optimized with the Yoast SEO plugin v25.6 - https:\/\/yoast.com\/wordpress\/plugins\/seo\/ -->\n<title>Faaliyet Raporlar\u0131 - Alstud Alanya Sa\u011fl\u0131k Turizmi Derne\u011fi<\/title>\n<meta name=\"robots\" content=\"index, follow, max-snippet:-1, max-image-preview:large, max-video-preview:-1\" \/>\n<link rel=\"canonical\" href=\"https:\/\/alstud.grshealthtourism.com\/en\/faaliyet-raporlari\/\" \/>\n<meta property=\"og:locale\" content=\"en_US\" \/>\n<meta property=\"og:type\" content=\"article\" \/>\n<meta property=\"og:title\" content=\"Faaliyet Raporlar\u0131 - Alstud Alanya Sa\u011fl\u0131k Turizmi Derne\u011fi\" \/>\n<meta property=\"og:description\" content=\"GEL\u0130\u015e\u0130M &#038; \u0130STAT\u0130ST\u0130K Faaliyet Raporlar\u0131 Kurulu\u015fumuzdan bu yana ger\u00e7ekle\u015ftirdi\u011fimiz zirveler, sekt\u00f6rel raporlar ve uluslararas\u0131 i\u015f birliklerine ait detayl\u0131 dok\u00fcmanlar\u0131 a\u015fa\u011f\u0131dan inceleyebilirsiniz. Alanya Sa\u011fl\u0131k Turizmi Zirvesi Raporu Antalya Kamu Hastaneler Birli\u011fi (AKHB) Genel Sekreterli\u011fi, Alanya Sa\u011fl\u0131k Turizmi Derne\u011fi (ALSTUD) ve Bat\u0131 Akdeniz Kalk\u0131nma Ajans\u0131 (BAKA) i\u015fbirli\u011fiyle Antalya\u2019da sa\u011fl\u0131k ve turizm sekt\u00f6rlerinin tamam\u0131n\u0131 kapsayan, b\u00f6lgenin turizm \u00e7e\u015fitlili\u011fini [&hellip;]\" \/>\n<meta property=\"og:url\" content=\"https:\/\/alstud.grshealthtourism.com\/en\/faaliyet-raporlari\/\" \/>\n<meta property=\"og:site_name\" content=\"Alstud Alanya Sa\u011fl\u0131k Turizmi Derne\u011fi\" \/>\n<meta property=\"article:modified_time\" content=\"2026-03-07T11:58:25+00:00\" \/>\n<meta name=\"twitter:card\" content=\"summary_large_image\" \/>\n<meta name=\"twitter:label1\" content=\"Est. reading time\" \/>\n\t<meta name=\"twitter:data1\" content=\"5 minutes\" \/>\n<script type=\"application\/ld+json\" class=\"yoast-schema-graph\">{\"@context\":\"https:\/\/schema.org\",\"@graph\":[{\"@type\":\"WebPage\",\"@id\":\"https:\/\/alstud.grshealthtourism.com\/faaliyet-raporlari\/\",\"url\":\"https:\/\/alstud.grshealthtourism.com\/faaliyet-raporlari\/\",\"name\":\"Faaliyet Raporlar\u0131 - Alstud Alanya Sa\u011fl\u0131k Turizmi Derne\u011fi\",\"isPartOf\":{\"@id\":\"https:\/\/alstud.grshealthtourism.com\/#website\"},\"datePublished\":\"2025-12-16T21:01:04+00:00\",\"dateModified\":\"2026-03-07T11:58:25+00:00\",\"breadcrumb\":{\"@id\":\"https:\/\/alstud.grshealthtourism.com\/faaliyet-raporlari\/#breadcrumb\"},\"inLanguage\":\"en-US\",\"potentialAction\":[{\"@type\":\"ReadAction\",\"target\":[\"https:\/\/alstud.grshealthtourism.com\/faaliyet-raporlari\/\"]}]},{\"@type\":\"BreadcrumbList\",\"@id\":\"https:\/\/alstud.grshealthtourism.com\/faaliyet-raporlari\/#breadcrumb\",\"itemListElement\":[{\"@type\":\"ListItem\",\"position\":1,\"name\":\"Anasayfa\",\"item\":\"https:\/\/alstud.grshealthtourism.com\/\"},{\"@type\":\"ListItem\",\"position\":2,\"name\":\"Faaliyet Raporlar\u0131\"}]},{\"@type\":\"WebSite\",\"@id\":\"https:\/\/alstud.grshealthtourism.com\/#website\",\"url\":\"https:\/\/alstud.grshealthtourism.com\/\",\"name\":\"Alstud Alanya Sa\u011fl\u0131k Turizmi Derne\u011fi\",\"description\":\"Alstud Alanya Sa\u011fl\u0131k Turizmi Derne\u011fi\",\"potentialAction\":[{\"@type\":\"SearchAction\",\"target\":{\"@type\":\"EntryPoint\",\"urlTemplate\":\"https:\/\/alstud.grshealthtourism.com\/?s={search_term_string}\"},\"query-input\":{\"@type\":\"PropertyValueSpecification\",\"valueRequired\":true,\"valueName\":\"search_term_string\"}}],\"inLanguage\":\"en-US\"}]}<\/script>\n<!-- \/ Yoast SEO plugin. -->","yoast_head_json":{"title":"Faaliyet Raporlar\u0131 - Alstud Alanya Sa\u011fl\u0131k Turizmi Derne\u011fi","robots":{"index":"index","follow":"follow","max-snippet":"max-snippet:-1","max-image-preview":"max-image-preview:large","max-video-preview":"max-video-preview:-1"},"canonical":"https:\/\/alstud.grshealthtourism.com\/en\/faaliyet-raporlari\/","og_locale":"en_US","og_type":"article","og_title":"Faaliyet Raporlar\u0131 - Alstud Alanya Sa\u011fl\u0131k Turizmi Derne\u011fi","og_description":"GEL\u0130\u015e\u0130M &#038; \u0130STAT\u0130ST\u0130K Faaliyet Raporlar\u0131 Kurulu\u015fumuzdan bu yana ger\u00e7ekle\u015ftirdi\u011fimiz zirveler, sekt\u00f6rel raporlar ve uluslararas\u0131 i\u015f birliklerine ait detayl\u0131 dok\u00fcmanlar\u0131 a\u015fa\u011f\u0131dan inceleyebilirsiniz. Alanya Sa\u011fl\u0131k Turizmi Zirvesi Raporu Antalya Kamu Hastaneler Birli\u011fi (AKHB) Genel Sekreterli\u011fi, Alanya Sa\u011fl\u0131k Turizmi Derne\u011fi (ALSTUD) ve Bat\u0131 Akdeniz Kalk\u0131nma Ajans\u0131 (BAKA) i\u015fbirli\u011fiyle Antalya\u2019da sa\u011fl\u0131k ve turizm sekt\u00f6rlerinin tamam\u0131n\u0131 kapsayan, b\u00f6lgenin turizm \u00e7e\u015fitlili\u011fini [&hellip;]","og_url":"https:\/\/alstud.grshealthtourism.com\/en\/faaliyet-raporlari\/","og_site_name":"Alstud Alanya Sa\u011fl\u0131k Turizmi Derne\u011fi","article_modified_time":"2026-03-07T11:58:25+00:00","twitter_card":"summary_large_image","twitter_misc":{"Est. reading time":"5 minutes"},"schema":{"@context":"https:\/\/schema.org","@graph":[{"@type":"WebPage","@id":"https:\/\/alstud.grshealthtourism.com\/faaliyet-raporlari\/","url":"https:\/\/alstud.grshealthtourism.com\/faaliyet-raporlari\/","name":"Faaliyet Raporlar\u0131 - Alstud Alanya Sa\u011fl\u0131k Turizmi Derne\u011fi","isPartOf":{"@id":"https:\/\/alstud.grshealthtourism.com\/#website"},"datePublished":"2025-12-16T21:01:04+00:00","dateModified":"2026-03-07T11:58:25+00:00","breadcrumb":{"@id":"https:\/\/alstud.grshealthtourism.com\/faaliyet-raporlari\/#breadcrumb"},"inLanguage":"en-US","potentialAction":[{"@type":"ReadAction","target":["https:\/\/alstud.grshealthtourism.com\/faaliyet-raporlari\/"]}]},{"@type":"BreadcrumbList","@id":"https:\/\/alstud.grshealthtourism.com\/faaliyet-raporlari\/#breadcrumb","itemListElement":[{"@type":"ListItem","position":1,"name":"Anasayfa","item":"https:\/\/alstud.grshealthtourism.com\/"},{"@type":"ListItem","position":2,"name":"Faaliyet Raporlar\u0131"}]},{"@type":"WebSite","@id":"https:\/\/alstud.grshealthtourism.com\/#website","url":"https:\/\/alstud.grshealthtourism.com\/","name":"Alstud Alanya Sa\u011fl\u0131k Turizmi Derne\u011fi","description":"Alstud Alanya Sa\u011fl\u0131k Turizmi Derne\u011fi","potentialAction":[{"@type":"SearchAction","target":{"@type":"EntryPoint","urlTemplate":"https:\/\/alstud.grshealthtourism.com\/?s={search_term_string}"},"query-input":{"@type":"PropertyValueSpecification","valueRequired":true,"valueName":"search_term_string"}}],"inLanguage":"en-US"}]}},"_links":{"self":[{"href":"https:\/\/alstud.grshealthtourism.com\/en\/wp-json\/wp\/v2\/pages\/699","targetHints":{"allow":["GET"]}}],"collection":[{"href":"https:\/\/alstud.grshealthtourism.com\/en\/wp-json\/wp\/v2\/pages"}],"about":[{"href":"https:\/\/alstud.grshealthtourism.com\/en\/wp-json\/wp\/v2\/types\/page"}],"author":[{"embeddable":true,"href":"https:\/\/alstud.grshealthtourism.com\/en\/wp-json\/wp\/v2\/users\/1"}],"replies":[{"embeddable":true,"href":"https:\/\/alstud.grshealthtourism.com\/en\/wp-json\/wp\/v2\/comments?post=699"}],"version-history":[{"count":14,"href":"https:\/\/alstud.grshealthtourism.com\/en\/wp-json\/wp\/v2\/pages\/699\/revisions"}],"predecessor-version":[{"id":1097,"href":"https:\/\/alstud.grshealthtourism.com\/en\/wp-json\/wp\/v2\/pages\/699\/revisions\/1097"}],"wp:attachment":[{"href":"https:\/\/alstud.grshealthtourism.com\/en\/wp-json\/wp\/v2\/media?parent=699"}],"curies":[{"name":"wp","href":"https:\/\/api.w.org\/{rel}","templated":true}]}}